{"id":906,"date":"2012-03-27T00:29:15","date_gmt":"2012-03-27T00:29:15","guid":{"rendered":"http:\/\/graffiti.ntci.on.ca\/2011-12\/?page_id=906"},"modified":"2012-03-27T00:29:15","modified_gmt":"2012-03-27T00:29:15","slug":"are-of-monsters-and-men-the-next-mumford-and-sons-yes","status":"publish","type":"page","link":"https:\/\/graffiti.ntci.on.ca\/2011-12\/spring-2012-issue\/arts-and-culture\/are-of-monsters-and-men-the-next-mumford-and-sons-yes\/","title":{"rendered":"Are Of Monsters and Men the next Mumford and Sons? Yes."},"content":{"rendered":"<p>Rachel Katz<\/p>\n<p style=\"text-align: left;\">\n<p>Rolling Stone magazine has likened them to Mumford and Sons and Arcade Fire. In 2010, they won their homeland\u2019s battle of the bands competition. Their catchy, folky tunes have listeners humming the melodies for days on end, and their whimsical album art is unique and intriguing. They have attracted fans around the world without even<br \/>\nreleasing a full album on this side of the Atlantic. \u201cHow is this possible?\u201d you may be asking, and with good reason. It is nearly impossible for musicians today to make a splash outside their country of origin without excessive publicity. This is all very true, unless of course, you\u2019re a member of the Icelandic band Of Monsters and Men.<\/p>\n<p style=\"text-align: left;\">Of Monsters and Men is an indie-folk band hailing from Reykjavik, Iceland.<br \/>\nThe group formed over the course of a few years. At first, Nanna Brynd\u00eds Hilmarsd\u00f3ttir<br \/>\nwas a solo performer. Then, in 2010, Arnar R\u00f3senkranz Hilmarsson, Ragnar \u00fe\u00f3rhallsson\u00a0and Brynjar Leifsson joined the project.<\/p>\n<p style=\"text-align: left;\">In 2010, the quartet entered, and ultimately won M\u00fasiktilraunir, a national battle of the bands contest. It\u2019s not surprising to see why they won, either. Though the competition was fierce, <em>Monsters<\/em> performs with a blank-faced earnestness and innocence that has become so difficult to find in the music industry today. This is not to say that their performance skills are weak, though; in fact, just the opposite is true. There is a quiet confidence in their playing, and they gain strength as they continue to play.<\/p>\n<p style=\"text-align: left;\">After their victory at M\u00fasiktilraunir, two more members joined the party,\u00a0Kristj\u00e1n P\u00e1ll Kristj\u00e1nsson and \u00c1rni Gu\u00f0j\u00f3nsson.<\/p>\n<p style=\"text-align: left;\">Their debut album, <em>My Head is an Animal<\/em> was released in Iceland<br \/>\nlast September to almost unanimously positive reviews online. (I have no<br \/>\ngrounding in Icelandic, but I\u2019m sure it was well received there.) Online,<br \/>\nreviewers have praised <em>My Head is an Animal<\/em> to no end, describing it as \u201can absolutely wonderful album,\u201d with a distinct \u201ccatchy and raw\u201d sound.\u00a0 With regards to the songs themselves, \u201ccatchy and raw\u201d is truly the most accurate<br \/>\ndescription I can think of. In addition to the typical drums-guitar-bass-vocal<br \/>\nband cookie cutter, the group has experimented with trumpets and accordions in<br \/>\ntheir music. We can\u2019t forget to mention the truly whimsical lyrics. Each song<br \/>\ntells a unique, personal story. When asked about the meaning behind their songs<br \/>\nin an interview with earmilk.com, guitarist\/singer Ragnar \u00de\u00f3rhallsson said, \u201cIt&#8217;s<br \/>\nno fun to say what songs are about! We like keeping it a secret.\u201d<\/p>\n<p style=\"text-align: left;\">So how did <em>Monsters <\/em>make it big over here? The<br \/>\nanswer: Seattle\u2019s KEXP Radio. The station recorded a broadcast of the band\u2019s hit single <em>Little Talks<\/em> last fall and the rest is history. Of Monsters and Men released their first EP <em>Into the Woods<\/em> on iTunes just before Christmas; <em>My Head is an Animal<\/em> is scheduled for<br \/>\nrelease on April 3<sup>rd<\/sup>. The whole album is fantastic, but my personal<br \/>\nfavourites are <em>Sloom, Your Bones, From Finner, King and Lionheart<\/em>, and of course, <em>Little Talks.<\/em><\/p>\n<p style=\"text-align: left;\">If you are in need of some music to relieve stress, study with, or just<br \/>\nmake you smile, check out Of Monsters and Men<em>.<\/em> I can guarantee you won\u2019t regret it.<\/p>\n<p style=\"text-align: left;\">\n","protected":false},"excerpt":{"rendered":"<p>Rachel Katz Rolling Stone magazine has likened them to Mumford and Sons and Arcade Fire. In 2010, they won their homeland\u2019s battle of the bands competition. Their catchy, folky tunes have listeners humming the melodies for days on end, and &hellip; <a href=\"https:\/\/graffiti.ntci.on.ca\/2011-12\/spring-2012-issue\/arts-and-culture\/are-of-monsters-and-men-the-next-mumford-and-sons-yes\/\">Continue reading <span class=\"meta-nav\">&rarr;<\/span><\/a><\/p>\n","protected":false},"author":2,"featured_media":0,"parent":894,"menu_order":0,"comment_status":"closed","ping_status":"closed","template":"","meta":{"footnotes":""},"class_list":["post-906","page","type-page","status-publish","hentry"],"_links":{"self":[{"href":"https:\/\/graffiti.ntci.on.ca\/2011-12\/wp-json\/wp\/v2\/pages\/906","targetHints":{"allow":["GET"]}}],"collection":[{"href":"https:\/\/graffiti.ntci.on.ca\/2011-12\/wp-json\/wp\/v2\/pages"}],"about":[{"href":"https:\/\/graffiti.ntci.on.ca\/2011-12\/wp-json\/wp\/v2\/types\/page"}],"author":[{"embeddable":true,"href":"https:\/\/graffiti.ntci.on.ca\/2011-12\/wp-json\/wp\/v2\/users\/2"}],"replies":[{"embeddable":true,"href":"https:\/\/graffiti.ntci.on.ca\/2011-12\/wp-json\/wp\/v2\/comments?post=906"}],"version-history":[{"count":1,"href":"https:\/\/graffiti.ntci.on.ca\/2011-12\/wp-json\/wp\/v2\/pages\/906\/revisions"}],"predecessor-version":[{"id":907,"href":"https:\/\/graffiti.ntci.on.ca\/2011-12\/wp-json\/wp\/v2\/pages\/906\/revisions\/907"}],"up":[{"embeddable":true,"href":"https:\/\/graffiti.ntci.on.ca\/2011-12\/wp-json\/wp\/v2\/pages\/894"}],"wp:attachment":[{"href":"https:\/\/graffiti.ntci.on.ca\/2011-12\/wp-json\/wp\/v2\/media?parent=906"}],"curies":[{"name":"wp","href":"https:\/\/api.w.org\/{rel}","templated":true}]}}